{"id":136,"date":"2024-04-04T19:30:47","date_gmt":"2024-04-04T19:30:47","guid":{"rendered":"https:\/\/intranet.plafonesmg.com\/?page_id=136"},"modified":"2024-04-05T00:43:25","modified_gmt":"2024-04-05T00:43:25","slug":"leccion-6-seguimiento-a-cotizaciones","status":"publish","type":"page","link":"https:\/\/intranet.plafonesmg.com\/index.php\/curso-de-hubspot-crm\/leccion-6-seguimiento-a-cotizaciones\/","title":{"rendered":"Lecci\u00f3n 6 &#8211; Seguimiento a cotizaciones"},"content":{"rendered":"<p>[et_pb_section fb_built=&#8221;1&#8243; admin_label=&#8221;Header&#8221; _builder_version=&#8221;4.24.2&#8243; _module_preset=&#8221;default&#8221; background_color=&#8221;gcid-233cd77b-4711-403e-b130-11d9e5b5d115&#8243; custom_padding=&#8221;||||false|false&#8221; collapsed=&#8221;on&#8221; global_colors_info=&#8221;{%22gcid-233cd77b-4711-403e-b130-11d9e5b5d115%22:%91%22background_color%22%93}&#8221; theme_builder_area=&#8221;post_content&#8221;][et_pb_row column_structure=&#8221;2_5,3_5&#8243; custom_padding_last_edited=&#8221;off|desktop&#8221; _builder_version=&#8221;4.17.3&#8243; _module_preset=&#8221;default&#8221; custom_padding_tablet=&#8221;||||false|false&#8221; custom_padding_phone=&#8221;||||false|false&#8221; global_colors_info=&#8221;{}&#8221; theme_builder_area=&#8221;post_content&#8221;][et_pb_column type=&#8221;2_5&#8243; _builder_version=&#8221;4.17.3&#8243; _module_preset=&#8221;default&#8221; custom_padding=&#8221;||||false|false&#8221; custom_padding_phone=&#8221;||||false|false&#8221; custom_padding_last_edited=&#8221;off|tablet&#8221; global_colors_info=&#8221;{}&#8221; theme_builder_area=&#8221;post_content&#8221;][et_pb_divider show_divider=&#8221;off&#8221; admin_label=&#8221;Divider&#8221; _builder_version=&#8221;4.24.2&#8243; _module_preset=&#8221;default&#8221; positioning=&#8221;absolute&#8221; position_origin_a=&#8221;bottom_center&#8221; width=&#8221;100%&#8221; max_width=&#8221;500px&#8221; height=&#8221;15vw&#8221; height_tablet=&#8221;40vw&#8221; height_phone=&#8221;40vw&#8221; height_last_edited=&#8221;on|tablet&#8221; custom_margin=&#8221;||-3vw||false|false&#8221; custom_margin_tablet=&#8221;||-4.5vw||false|false&#8221; custom_margin_phone=&#8221;||||false|false&#8221; custom_margin_last_edited=&#8221;on|tablet&#8221; custom_padding=&#8221;||||false|false&#8221; border_radii=&#8221;off|||400px|400px&#8221; border_width_bottom=&#8221;1px&#8221; border_color_bottom=&#8221;rgba(18,214,120,0.4)&#8221; locked=&#8221;off&#8221; global_colors_info=&#8221;{}&#8221; theme_builder_area=&#8221;post_content&#8221;][\/et_pb_divider][et_pb_divider show_divider=&#8221;off&#8221; _builder_version=&#8221;4.24.2&#8243; _module_preset=&#8221;default&#8221; positioning=&#8221;absolute&#8221; position_origin_a=&#8221;bottom_center&#8221; width=&#8221;100%&#8221; max_width=&#8221;500px&#8221; height=&#8221;15vw&#8221; height_tablet=&#8221;40vw&#8221; height_phone=&#8221;40vw&#8221; height_last_edited=&#8221;on|tablet&#8221; custom_margin=&#8221;||-2vw||false|false&#8221; custom_margin_tablet=&#8221;||-3vw||false|false&#8221; custom_margin_phone=&#8221;||||false|false&#8221; custom_margin_last_edited=&#8221;on|tablet&#8221; custom_padding=&#8221;||||false|false&#8221; border_radii=&#8221;off|||400px|400px&#8221; border_color_all=&#8221;#FFFFFF&#8221; border_width_bottom=&#8221;1px&#8221; locked=&#8221;off&#8221; global_colors_info=&#8221;{}&#8221; theme_builder_area=&#8221;post_content&#8221;][\/et_pb_divider][et_pb_divider show_divider=&#8221;off&#8221; _builder_version=&#8221;4.17.3&#8243; _module_preset=&#8221;default&#8221; positioning=&#8221;absolute&#8221; position_origin_a=&#8221;bottom_center&#8221; width=&#8221;100%&#8221; width_last_edited=&#8221;off|desktop&#8221; max_width=&#8221;500px&#8221; height=&#8221;15vw&#8221; height_tablet=&#8221;40vw&#8221; height_phone=&#8221;40vw&#8221; height_last_edited=&#8221;on|tablet&#8221; custom_margin=&#8221;||-1vw||false|false&#8221; custom_margin_tablet=&#8221;||-1.5vw||false|false&#8221; custom_margin_phone=&#8221;||||false|false&#8221; custom_margin_last_edited=&#8221;on|tablet&#8221; custom_padding=&#8221;||||false|false&#8221; border_radii=&#8221;off|||400px|400px&#8221; border_width_bottom=&#8221;1px&#8221; border_color_bottom=&#8221;rgba(18,214,120,0.8)&#8221; locked=&#8221;off&#8221; global_colors_info=&#8221;{}&#8221; width__hover_enabled=&#8221;off|desktop&#8221; theme_builder_area=&#8221;post_content&#8221;][\/et_pb_divider][et_pb_image src=&#8221;https:\/\/intranet.plafonesmg.com\/wp-content\/uploads\/2024\/04\/online-course52.jpg&#8221; title_text=&#8221;online-course52&#8243; show_bottom_space=&#8221;off&#8221; _builder_version=&#8221;4.24.2&#8243; _module_preset=&#8221;default&#8221; position_origin_a=&#8221;bottom_center&#8221; position_origin_a_tablet=&#8221;bottom_center&#8221; position_origin_a_phone=&#8221;bottom_center&#8221; position_origin_a_last_edited=&#8221;off|desktop&#8221; position_origin_f_last_edited=&#8221;off|desktop&#8221; position_origin_r_last_edited=&#8221;off|desktop&#8221; width_last_edited=&#8221;off|phone&#8221; max_height_tablet=&#8221;400px&#8221; max_height_phone=&#8221;400px&#8221; max_height_last_edited=&#8221;on|tablet&#8221; custom_margin_tablet=&#8221;||||false|false&#8221; custom_margin_phone=&#8221;||||false|false&#8221; custom_margin_last_edited=&#8221;off|desktop&#8221; custom_padding=&#8221;||||false|false&#8221; positioning_tablet=&#8221;absolute&#8221; positioning_phone=&#8221;absolute&#8221; positioning_last_edited=&#8221;off|desktop&#8221; border_radii=&#8221;off|||400px|400px&#8221; border_width_all=&#8221;1px&#8221; border_color_all=&#8221;gcid-af6245ea-df40-48a8-9687-67293107dc0c&#8221; box_shadow_style=&#8221;preset3&#8243; box_shadow_blur=&#8221;100px&#8221; box_shadow_spread=&#8221;10px&#8221; box_shadow_color=&#8221;rgba(18,214,120,0.2)&#8221; global_colors_info=&#8221;{%22gcid-af6245ea-df40-48a8-9687-67293107dc0c%22:%91%22border_color_all%22%93}&#8221; theme_builder_area=&#8221;post_content&#8221;][\/et_pb_image][\/et_pb_column][et_pb_column type=&#8221;3_5&#8243; _builder_version=&#8221;4.17.3&#8243; _module_preset=&#8221;default&#8221; custom_padding=&#8221;19%||||false|false&#8221; custom_padding_tablet=&#8221;30px||||false|false&#8221; custom_padding_phone=&#8221;30px||||false|false&#8221; custom_padding_last_edited=&#8221;on|tablet&#8221; global_colors_info=&#8221;{}&#8221; theme_builder_area=&#8221;post_content&#8221;][et_pb_text _builder_version=&#8221;4.24.2&#8243; _module_preset=&#8221;e6504a1b-67eb-4b3d-b023-bcab277610b6&#8243; header_4_font=&#8221;Mukta|800||on|||||&#8221; header_4_text_color=&#8221;#12D678&#8243; header_4_font_size=&#8221;14px&#8221; header_4_letter_spacing=&#8221;0.15em&#8221; header_4_line_height=&#8221;1.5em&#8221; custom_margin=&#8221;||0px||false|false&#8221; hover_enabled=&#8221;0&#8243; global_colors_info=&#8221;{}&#8221; theme_builder_area=&#8221;post_content&#8221; sticky_enabled=&#8221;0&#8243;]<\/p>\n<h4>Lecci\u00f3n 6<\/h4>\n<p>[\/et_pb_text][et_pb_text _builder_version=&#8221;4.24.2&#8243; _dynamic_attributes=&#8221;content&#8221; _module_preset=&#8221;c16985e1-e0d6-4022-964d-e2bfc04fa633&#8243; text_font=&#8221;Bebas Neue||||||||&#8221; text_text_color=&#8221;gcid-74d731a0-f101-4d99-98da-92488e4c74e5&#8243; text_font_size=&#8221;54px&#8221; text_line_height=&#8221;46px&#8221; header_font=&#8221;PT Sans|700|||||||&#8221; header_text_color=&#8221;#FFFFFF&#8221; header_font_size=&#8221;75px&#8221; header_line_height=&#8221;1.2em&#8221; custom_margin=&#8221;||0px||false|false&#8221; header_font_size_tablet=&#8221;40px&#8221; header_font_size_phone=&#8221;24px&#8221; header_font_size_last_edited=&#8221;on|phone&#8221; global_colors_info=&#8221;{%22gcid-74d731a0-f101-4d99-98da-92488e4c74e5%22:%91%22text_text_color%22%93}&#8221; theme_builder_area=&#8221;post_content&#8221;]@ET-DC@eyJkeW5hbWljIjp0cnVlLCJjb250ZW50IjoicG9zdF90aXRsZSIsInNldHRpbmdzIjp7ImJlZm9yZSI6IiIsImFmdGVyIjoiIn19@[\/et_pb_text][et_pb_button button_url=&#8221;#seccion-1&#8243; button_text=&#8221;Comenzar&#8221; button_alignment=&#8221;right&#8221; button_alignment_tablet=&#8221;left&#8221; button_alignment_phone=&#8221;left&#8221; button_alignment_last_edited=&#8221;on|tablet&#8221; _builder_version=&#8221;4.24.2&#8243; _module_preset=&#8221;f489fdc3-bf1e-40c7-852b-c42851d4acb9&#8243; custom_button=&#8221;on&#8221; button_text_size=&#8221;14px&#8221; button_text_color=&#8221;gcid-233cd77b-4711-403e-b130-11d9e5b5d115&#8243; button_bg_color=&#8221;gcid-af6245ea-df40-48a8-9687-67293107dc0c&#8221; button_border_color=&#8221;gcid-233cd77b-4711-403e-b130-11d9e5b5d115&#8243; button_border_radius=&#8221;50px&#8221; button_letter_spacing=&#8221;0.15em&#8221; button_font=&#8221;Mukta|800||on|||||&#8221; button_icon=&#8221;&#xf061;||fa||900&#8243; button_on_hover=&#8221;off&#8221; custom_margin=&#8221;||||false|false&#8221; custom_padding=&#8221;14px|40px|14px|24px|true|false&#8221; button_text_size_tablet=&#8221;14px&#8221; button_text_size_phone=&#8221;12px&#8221; button_text_size_last_edited=&#8221;on|phone&#8221; global_colors_info=&#8221;{%22gcid-233cd77b-4711-403e-b130-11d9e5b5d115%22:%91%22button_text_color%22,%22button_border_color%22%93,%22gcid-af6245ea-df40-48a8-9687-67293107dc0c%22:%91%22button_bg_color%22%93}&#8221; theme_builder_area=&#8221;post_content&#8221;][\/et_pb_button][\/et_pb_column][\/et_pb_row][\/et_pb_section][et_pb_section fb_built=&#8221;1&#8243; admin_label=&#8221;Video&#8221; _builder_version=&#8221;4.24.2&#8243; _module_preset=&#8221;default&#8221; background_color=&#8221;#FFFFFF&#8221; collapsed=&#8221;on&#8221; global_colors_info=&#8221;{}&#8221; theme_builder_area=&#8221;post_content&#8221;][et_pb_row module_id=&#8221;seccion-1&#8243; _builder_version=&#8221;4.24.2&#8243; _module_preset=&#8221;default&#8221; global_colors_info=&#8221;{}&#8221; theme_builder_area=&#8221;post_content&#8221;][et_pb_column type=&#8221;4_4&#8243; _builder_version=&#8221;4.17.0&#8243; _module_preset=&#8221;default&#8221; global_colors_info=&#8221;{}&#8221; theme_builder_area=&#8221;post_content&#8221;][et_pb_text _builder_version=&#8221;4.24.2&#8243; _module_preset=&#8221;b327cbe4-b1d5-4b66-ad37-40c8f2f061ba&#8221; header_2_font=&#8221;PT Sans|700|||||||&#8221; header_2_text_color=&#8221;gcid-233cd77b-4711-403e-b130-11d9e5b5d115&#8243; header_2_font_size=&#8221;48px&#8221; header_2_line_height=&#8221;1.35em&#8221; custom_margin=&#8221;||0px||false|false&#8221; hover_enabled=&#8221;0&#8243; header_2_font_size_tablet=&#8221;30px&#8221; header_2_font_size_phone=&#8221;22px&#8221; header_2_font_size_last_edited=&#8221;on|phone&#8221; global_colors_info=&#8221;{%22gcid-233cd77b-4711-403e-b130-11d9e5b5d115%22:%91%22header_2_text_color%22%93}&#8221; theme_builder_area=&#8221;post_content&#8221; sticky_enabled=&#8221;0&#8243;]<\/p>\n<h2>Realizando seguimientos de negocios.\u00a0<\/h2>\n<p>[\/et_pb_text][et_pb_video src=&#8221;https:\/\/www.youtube.com\/watch?v=7XuJJwBbDU0&#8243; _builder_version=&#8221;4.24.2&#8243; _module_preset=&#8221;default&#8221; global_colors_info=&#8221;{}&#8221; theme_builder_area=&#8221;post_content&#8221;][\/et_pb_video][\/et_pb_column][\/et_pb_row][\/et_pb_section][et_pb_section fb_built=&#8221;1&#8243; admin_label=&#8221;Features&#8221; _builder_version=&#8221;4.24.2&#8243; _module_preset=&#8221;default&#8221; background_color=&#8221;#FFFFFF&#8221; collapsed=&#8221;on&#8221; global_colors_info=&#8221;{}&#8221; theme_builder_area=&#8221;post_content&#8221;][et_pb_row column_structure=&#8221;1_3,2_3&#8243; make_equal=&#8221;on&#8221; _builder_version=&#8221;4.24.2&#8243; _module_preset=&#8221;default&#8221; global_colors_info=&#8221;{}&#8221; theme_builder_area=&#8221;post_content&#8221;][et_pb_column type=&#8221;1_3&#8243; _builder_version=&#8221;4.17.0&#8243; _module_preset=&#8221;default&#8221; global_colors_info=&#8221;{}&#8221; theme_builder_area=&#8221;post_content&#8221;][et_pb_text _builder_version=&#8221;4.24.2&#8243; _module_preset=&#8221;b327cbe4-b1d5-4b66-ad37-40c8f2f061ba&#8221; header_text_color=&#8221;#000000&#8243; header_2_font=&#8221;PT Sans|700|||||||&#8221; header_2_text_color=&#8221;gcid-233cd77b-4711-403e-b130-11d9e5b5d115&#8243; header_2_font_size=&#8221;48px&#8221; header_2_line_height=&#8221;1.35em&#8221; custom_margin=&#8221;||0px||false|false&#8221; header_2_font_size_tablet=&#8221;30px&#8221; header_2_font_size_phone=&#8221;22px&#8221; header_2_font_size_last_edited=&#8221;on|phone&#8221; global_colors_info=&#8221;{%22gcid-233cd77b-4711-403e-b130-11d9e5b5d115%22:%91%22header_2_text_color%22%93}&#8221; theme_builder_area=&#8221;post_content&#8221;]<\/p>\n<h2>Resum\u00e9n<\/h2>\n<p>[\/et_pb_text][\/et_pb_column][et_pb_column type=&#8221;2_3&#8243; _builder_version=&#8221;4.24.2&#8243; _module_preset=&#8221;default&#8221; global_colors_info=&#8221;{}&#8221; theme_builder_area=&#8221;post_content&#8221;][et_pb_text _builder_version=&#8221;4.24.2&#8243; _module_preset=&#8221;default&#8221; text_text_color=&#8221;#000000&#8243; global_colors_info=&#8221;{}&#8221; theme_builder_area=&#8221;post_content&#8221;]<\/p>\n<p>Crear cotizaciones en HubSpot es un proceso que agiliza la propuesta de ofertas a clientes potenciales, integrando este paso crucial directamente en el flujo de trabajo de ventas. Aqu\u00ed te presento un resumen de c\u00f3mo puedes crear y gestionar cotizaciones dentro de la plataforma:<\/p>\n<ol>\n<li><strong>Acceso a Cotizaciones<\/strong>: En HubSpot, la funci\u00f3n de cotizaciones se encuentra bajo la secci\u00f3n de ventas o el m\u00f3dulo de negocios. Para comenzar, simplemente selecciona la opci\u00f3n &#8220;Cotizaciones&#8221; y haz clic en &#8220;Crear cotizaci\u00f3n&#8221;.<\/li>\n<li><strong>Informaci\u00f3n del Negocio<\/strong>: Al crear una nueva cotizaci\u00f3n, primero debes vincularla con un negocio existente en tu pipeline de ventas. Esto asegura que la cotizaci\u00f3n est\u00e9 correctamente asociada con el cliente y el trato en cuesti\u00f3n.<\/li>\n<li><strong>Detalles de la Cotizaci\u00f3n<\/strong>: Ingresa todos los detalles relevantes en el formulario de cotizaci\u00f3n, incluyendo el nombre del cliente, la fecha, la validez de la oferta, y cualquier t\u00e9rmino o condici\u00f3n espec\u00edfica. Tambi\u00e9n puedes personalizar la cotizaci\u00f3n para que refleje la imagen de marca de tu empresa, ajustando el dise\u00f1o y a\u00f1adiendo el logo de tu compa\u00f1\u00eda.<\/li>\n<li><strong>Agregar Productos o Servicios<\/strong>: HubSpot permite a\u00f1adir productos o servicios desde tu cat\u00e1logo directamente a la cotizaci\u00f3n. Puedes especificar cantidades, precios, y descuentos para cada \u00edtem, facilitando la creaci\u00f3n de una propuesta detallada y precisa.<\/li>\n<li><strong>Env\u00edo y Seguimiento<\/strong>: Una vez completada, puedes enviar la cotizaci\u00f3n directamente al cliente desde la plataforma. HubSpot te ofrece herramientas para realizar seguimiento de la cotizaci\u00f3n, permiti\u00e9ndote ver cu\u00e1ndo el cliente la ha visto e incluso obtener notificaciones cuando se apruebe.<\/li>\n<li><strong>Integraci\u00f3n con Herramientas de Firma Electr\u00f3nica<\/strong>: Para agilizar el proceso de cierre, HubSpot se integra con herramientas de firma electr\u00f3nica, como HubSpot Sales Hub, permitiendo a los clientes firmar cotizaciones digitalmente. Esto simplifica la finalizaci\u00f3n de acuerdos y reduce el tiempo de ciclo de ventas.<\/li>\n<\/ol>\n<p>Crear cotizaciones en HubSpot facilita una comunicaci\u00f3n clara y profesional con los clientes, asegurando que todos los detalles del acuerdo est\u00e9n bien documentados y f\u00e1cilmente accesibles. Este proceso no solo ahorra tiempo al eliminar la necesidad de herramientas externas para la creaci\u00f3n de propuestas, sino que tambi\u00e9n mejora la eficiencia en la gesti\u00f3n de tratos y el seguimiento de ventas.<\/p>\n<p>[\/et_pb_text][\/et_pb_column][\/et_pb_row][\/et_pb_section][et_pb_section fb_built=&#8221;1&#8243; admin_label=&#8221;Features&#8221; _builder_version=&#8221;4.24.2&#8243; _module_preset=&#8221;default&#8221; background_color=&#8221;#FFFFFF&#8221; collapsed=&#8221;on&#8221; global_colors_info=&#8221;{}&#8221; theme_builder_area=&#8221;post_content&#8221;][et_pb_row column_structure=&#8221;1_3,2_3&#8243; make_equal=&#8221;on&#8221; _builder_version=&#8221;4.24.2&#8243; _module_preset=&#8221;default&#8221; width=&#8221;100%&#8221; max_width=&#8221;80%&#8221; locked=&#8221;off&#8221; global_colors_info=&#8221;{}&#8221; theme_builder_area=&#8221;post_content&#8221;][et_pb_column type=&#8221;1_3&#8243; _builder_version=&#8221;4.17.0&#8243; _module_preset=&#8221;default&#8221; global_colors_info=&#8221;{}&#8221; theme_builder_area=&#8221;post_content&#8221;][et_pb_text _builder_version=&#8221;4.24.2&#8243; _module_preset=&#8221;default&#8221; header_3_font=&#8221;Bebas Neue||||||||&#8221; header_3_text_color=&#8221;gcid-233cd77b-4711-403e-b130-11d9e5b5d115&#8243; header_3_font_size=&#8221;40px&#8221; global_colors_info=&#8221;{%22gcid-233cd77b-4711-403e-b130-11d9e5b5d115%22:%91%22header_3_text_color%22%93}&#8221; theme_builder_area=&#8221;post_content&#8221;]<\/p>\n<h3>Cuestionario<\/h3>\n<p>Pon tus conocimientos a prueba, resuelve este cuestionario con lo aprendido, para cada pregunta hay una sola respuesta correcta. Al finalizar da clic en enviar y visualiza tu resultado dando clic en ver puntuaci\u00f3n.<\/p>\n<p>[\/et_pb_text][\/et_pb_column][et_pb_column type=&#8221;2_3&#8243; _builder_version=&#8221;4.17.0&#8243; _module_preset=&#8221;default&#8221; global_colors_info=&#8221;{}&#8221; theme_builder_area=&#8221;post_content&#8221;][et_pb_code _builder_version=&#8221;4.24.2&#8243; _module_preset=&#8221;default&#8221; text_orientation=&#8221;center&#8221; global_colors_info=&#8221;{}&#8221; theme_builder_area=&#8221;post_content&#8221;]<iframe loading=\"lazy\" src=\"https:\/\/docs.google.com\/forms\/d\/e\/1FAIpQLSfxK7fa1PTInUxZ_A0vVWdet2k2voUvvUFwT39t7YhWOQ2LjA\/viewform?embedded=true\" width=\"640\" height=\"1765\" frameborder=\"0\" marginheight=\"0\" marginwidth=\"0\">Cargando\u2026<\/iframe>[\/et_pb_code][et_pb_button button_url=&#8221;@ET-DC@eyJkeW5hbWljIjp0cnVlLCJjb250ZW50IjoicG9zdF9saW5rX3VybF9wYWdlIiwic2V0dGluZ3MiOnsicG9zdF9pZCI6Ijk4In19@&#8221; button_text=&#8221;Siguiente lecci\u00f3n&#8221; button_alignment=&#8221;right&#8221; _builder_version=&#8221;4.24.2&#8243; _dynamic_attributes=&#8221;button_url&#8221; _module_preset=&#8221;default&#8221; custom_button=&#8221;on&#8221; button_text_size=&#8221;22px&#8221; button_text_color=&#8221;gcid-af6245ea-df40-48a8-9687-67293107dc0c&#8221; button_bg_color=&#8221;gcid-233cd77b-4711-403e-b130-11d9e5b5d115&#8243; button_border_width=&#8221;0px&#8221; button_font=&#8221;Bebas Neue||||||||&#8221; global_colors_info=&#8221;{%22gcid-af6245ea-df40-48a8-9687-67293107dc0c%22:%91%22button_text_color%22%93,%22gcid-233cd77b-4711-403e-b130-11d9e5b5d115%22:%91%22button_bg_color%22%93}&#8221; theme_builder_area=&#8221;post_content&#8221;][\/et_pb_button][\/et_pb_column][\/et_pb_row][\/et_pb_section]<\/p>\n","protected":false},"excerpt":{"rendered":"<p>Lecci\u00f3n 6Realizando seguimientos de negocios.\u00a0Resum\u00e9nCrear cotizaciones en HubSpot es un proceso que agiliza la propuesta de ofertas a clientes potenciales, integrando este paso crucial directamente en el flujo de trabajo de ventas. Aqu\u00ed te presento un resumen de c\u00f3mo puedes crear y gestionar cotizaciones dentro de la plataforma: Acceso a Cotizaciones: En HubSpot, la funci\u00f3n [&hellip;]<\/p>\n","protected":false},"author":1,"featured_media":0,"parent":13,"menu_order":6,"comment_status":"closed","ping_status":"closed","template":"","meta":{"_et_pb_use_builder":"on","_et_pb_old_content":"","_et_gb_content_width":"","footnotes":""},"class_list":["post-136","page","type-page","status-publish","hentry"],"_links":{"self":[{"href":"https:\/\/intranet.plafonesmg.com\/index.php\/wp-json\/wp\/v2\/pages\/136","targetHints":{"allow":["GET"]}}],"collection":[{"href":"https:\/\/intranet.plafonesmg.com\/index.php\/wp-json\/wp\/v2\/pages"}],"about":[{"href":"https:\/\/intranet.plafonesmg.com\/index.php\/wp-json\/wp\/v2\/types\/page"}],"author":[{"embeddable":true,"href":"https:\/\/intranet.plafonesmg.com\/index.php\/wp-json\/wp\/v2\/users\/1"}],"replies":[{"embeddable":true,"href":"https:\/\/intranet.plafonesmg.com\/index.php\/wp-json\/wp\/v2\/comments?post=136"}],"version-history":[{"count":5,"href":"https:\/\/intranet.plafonesmg.com\/index.php\/wp-json\/wp\/v2\/pages\/136\/revisions"}],"predecessor-version":[{"id":148,"href":"https:\/\/intranet.plafonesmg.com\/index.php\/wp-json\/wp\/v2\/pages\/136\/revisions\/148"}],"up":[{"embeddable":true,"href":"https:\/\/intranet.plafonesmg.com\/index.php\/wp-json\/wp\/v2\/pages\/13"}],"wp:attachment":[{"href":"https:\/\/intranet.plafonesmg.com\/index.php\/wp-json\/wp\/v2\/media?parent=136"}],"curies":[{"name":"wp","href":"https:\/\/api.w.org\/{rel}","templated":true}]}}